{"id":11,"date":"2024-09-17T09:52:51","date_gmt":"2024-09-17T09:52:51","guid":{"rendered":"https:\/\/www.adapture.se\/om\/"},"modified":"2025-03-25T11:30:16","modified_gmt":"2025-03-25T11:30:16","slug":"om","status":"publish","type":"page","link":"https:\/\/www.adapture.se\/en\/om\/","title":{"rendered":"Om oss"},"content":{"rendered":"<div class=\"wp-block-cover alignfull is-light\"><span aria-hidden=\"true\" class=\"wp-block-cover__background has-background-background-color has-background-dim-20 has-background-dim\"><\/span><img loading=\"lazy\" decoding=\"async\" width=\"2560\" height=\"1707\" class=\"wp-block-cover__image-background wp-image-744\" alt=\"\" src=\"https:\/\/www.adapture.se\/wp-content\/uploads\/2025\/03\/fagel_bw-scaled.jpg\" style=\"object-position:44% 53%\" data-object-fit=\"cover\" data-object-position=\"44% 53%\" srcset=\"https:\/\/www.adapture.se\/wp-content\/uploads\/2025\/03\/fagel_bw-scaled.jpg 2560w, https:\/\/www.adapture.se\/wp-content\/uploads\/2025\/03\/fagel_bw-300x200.jpg 300w, https:\/\/www.adapture.se\/wp-content\/uploads\/2025\/03\/fagel_bw-1024x683.jpg 1024w, https:\/\/www.adapture.se\/wp-content\/uploads\/2025\/03\/fagel_bw-768x512.jpg 768w, https:\/\/www.adapture.se\/wp-content\/uploads\/2025\/03\/fagel_bw-1536x1024.jpg 1536w, https:\/\/www.adapture.se\/wp-content\/uploads\/2025\/03\/fagel_bw-2048x1365.jpg 2048w\" sizes=\"auto, (max-width: 2560px) 100vw, 2560px\" \/><div class=\"wp-block-cover__inner-container is-layout-flow wp-block-cover-is-layout-flow\">\n<p class=\"has-text-align-center has-large-font-size\"><\/p>\n<\/div><\/div>\n\n\n\n<h2 class=\"wp-block-heading\">ABOUT US<\/h2>\n\n\n\n<p>Adapture was born with a vision of creating stronger businesses, well-suited for the demands of the future \u2013 <strong>Adapt<\/strong> to the fut<strong>ure<\/strong>.<\/p>\n\n\n\n<blockquote class=\"wp-block-quote is-layout-flow wp-block-quote-is-layout-flow\">\n<p><strong>Leadership is not about the next election, but about the next generation<\/strong>.<br><strong>-Simon Sinek<\/strong><\/p>\n<\/blockquote>\n\n\n\n<p>The pace of change has never been this fast, making it more important and challenging than ever to align strategy with execution and to create a culture rooted in constant change. This is where Adapture can play a central role in developing your business.&nbsp;<\/p>\n\n\n\n<div class=\"wp-block-media-text alignwide has-media-on-the-right is-stacked-on-mobile is-vertically-aligned-center has-tertiary-background-color has-background\" style=\"grid-template-columns:auto 40%\"><div class=\"wp-block-media-text__content\">\n<div class=\"wp-block-group is-layout-flow wp-block-group-is-layout-flow\" style=\"padding-top:2em;padding-right:2em;padding-bottom:2em;padding-left:2em\">\n<p style=\"font-size:clamp(22.041px, 1.378rem + ((1vw - 3.2px) * 1.454), 36px);line-height:1.2\">&#8221;<strong>We develop sustainable and successful businesses <br>for the future<\/strong>&#8221;<\/p>\n\n\n\n<p class=\"has-extra-small-font-size\"><\/p>\n<\/div>\n<\/div><figure class=\"wp-block-media-text__media\"><img loading=\"lazy\" decoding=\"async\" width=\"683\" height=\"1024\" src=\"https:\/\/www.adapture.se\/wp-content\/uploads\/2025\/03\/jesper_2503_004_frilagd-683x1024.png\" alt=\"\" class=\"wp-image-617 size-full\" srcset=\"https:\/\/www.adapture.se\/wp-content\/uploads\/2025\/03\/jesper_2503_004_frilagd-683x1024.png 683w, https:\/\/www.adapture.se\/wp-content\/uploads\/2025\/03\/jesper_2503_004_frilagd-200x300.png 200w, https:\/\/www.adapture.se\/wp-content\/uploads\/2025\/03\/jesper_2503_004_frilagd-768x1152.png 768w, https:\/\/www.adapture.se\/wp-content\/uploads\/2025\/03\/jesper_2503_004_frilagd-1024x1536.png 1024w, https:\/\/www.adapture.se\/wp-content\/uploads\/2025\/03\/jesper_2503_004_frilagd-1365x2048.png 1365w\" sizes=\"auto, (max-width: 683px) 100vw, 683px\" \/><\/figure><\/div>\n\n\n\n<div class=\"wp-block-group alignfull has-background-background-color has-background has-global-padding is-layout-constrained wp-container-core-group-is-layout-950d60f7 wp-block-group-is-layout-constrained\" id=\"team\" style=\"margin-top:0;margin-bottom:0;padding-top:var(--wp--preset--spacing--40);padding-right:var(--wp--preset--spacing--30);padding-bottom:var(--wp--preset--spacing--40);padding-left:var(--wp--preset--spacing--30)\">\n<div class=\"wp-block-columns is-layout-flex wp-container-core-columns-is-layout-28f84493 wp-block-columns-is-layout-flex\">\n<div class=\"wp-block-column is-layout-flow wp-block-column-is-layout-flow\" style=\"flex-basis:100%\">\n<h2 class=\"wp-block-heading has-text-align-left\">Background<\/h2>\n<\/div>\n<\/div>\n\n\n\n<p>Jesper Larsson, founder of Adapture\u2122, has worked as a leader in international companies since 1999 and has been active in everything from small start-ups to larger listed corporations.&nbsp;<\/p>\n\n\n\n<p>Jesper has extensive experience in a variety of leadership positions, including CEO, and executive positions within Sales, Product Management, R&amp;D and After Sales Service. He is a recognized skilled leader, with a consistent focus on transformation and change management to develop stronger operations\u2014always with both the business and people in mind. <br>Jesper has a degree in Mechanical Engineering and Industrial Economics, along with additional training in Transformation and AI.<\/p>\n\n\n\n<p>With Adapture, you can expect personal commitment where integrity, adaptability, and ethics are always central to our work in achieving results. We quickly analyse your organization's needs and solve complex challenges in a professional manner.&nbsp;&nbsp;<\/p>\n<\/div>\n\n\n\n<h2 class=\"wp-block-heading has-text-align-left\">Our values<\/h2>\n\n\n\n<p>We aim to enhance our clients' long-term resilience by fostering a culture of continuous improvement and development. We unlock potential and boost the confidence of individuals and organizations, creating sustainable outcomes through balanced ecological, economic, and social practices.&nbsp;<\/p>\n\n\n\n<div class=\"wp-block-columns alignwide has-tertiary-background-color has-background is-layout-flex wp-container-core-columns-is-layout-08c01c1c wp-block-columns-is-layout-flex\">\n<div class=\"wp-block-column is-layout-flow wp-block-column-is-layout-flow\">\n<figure class=\"wp-block-image size-full is-resized wp-duotone-unset-1\"><img loading=\"lazy\" decoding=\"async\" width=\"1042\" height=\"1042\" src=\"https:\/\/www.adapture.se\/wp-content\/uploads\/2025\/03\/corevalues_1.png\" alt=\"\" class=\"wp-image-663\" style=\"object-fit:cover;width:527px;height:auto\" srcset=\"https:\/\/www.adapture.se\/wp-content\/uploads\/2025\/03\/corevalues_1.png 1042w, https:\/\/www.adapture.se\/wp-content\/uploads\/2025\/03\/corevalues_1-300x300.png 300w, https:\/\/www.adapture.se\/wp-content\/uploads\/2025\/03\/corevalues_1-1024x1024.png 1024w, https:\/\/www.adapture.se\/wp-content\/uploads\/2025\/03\/corevalues_1-150x150.png 150w, https:\/\/www.adapture.se\/wp-content\/uploads\/2025\/03\/corevalues_1-768x768.png 768w\" sizes=\"auto, (max-width: 1042px) 100vw, 1042px\" \/><\/figure>\n<\/div>\n\n\n\n<div class=\"wp-block-column is-layout-flow wp-container-core-column-is-layout-ef883af5 wp-block-column-is-layout-flow\">\n<div class=\"wp-block-group has-tertiary-background-color has-background has-global-padding is-layout-constrained wp-container-core-group-is-layout-0e4ecca0 wp-block-group-is-layout-constrained\" style=\"padding-top:1.5rem;padding-right:1.5rem;padding-bottom:1.5rem;padding-left:1.5rem\">\n<h3 class=\"wp-block-heading\" style=\"font-size:clamp(14px, 0.875rem + ((1vw - 3.2px) * 0.625), 20px);line-height:1.5\">Development<\/h3>\n\n\n\n<p class=\"has-small-font-size\" style=\"margin-top:8px\">To create a culture, both individually and organizationally, that constantly strives for improvement and development at a higher pace than its surroundings.&nbsp;<\/p>\n<\/div>\n\n\n\n<div class=\"wp-block-group has-tertiary-background-color has-background has-global-padding is-layout-constrained wp-container-core-group-is-layout-0e4ecca0 wp-block-group-is-layout-constrained\" style=\"padding-top:1.5rem;padding-right:1.5rem;padding-bottom:1.5rem;padding-left:1.5rem\">\n<h3 class=\"wp-block-heading\" style=\"font-size:clamp(14px, 0.875rem + ((1vw - 3.2px) * 0.625), 20px);line-height:1.5\">Empowerment<\/h3>\n\n\n\n<p class=\"has-small-font-size\" style=\"margin-top:8px\">To unleash potential, strengthen self-confidence and promote autonomy to achieve sustainable results.&nbsp;<\/p>\n<\/div>\n\n\n\n<div class=\"wp-block-group has-tertiary-background-color has-background has-global-padding is-layout-constrained wp-container-core-group-is-layout-0e4ecca0 wp-block-group-is-layout-constrained\" style=\"padding-top:1.5rem;padding-right:1.5rem;padding-bottom:1.5rem;padding-left:1.5rem\">\n<h3 class=\"wp-block-heading\" style=\"font-size:clamp(14px, 0.875rem + ((1vw - 3.2px) * 0.625), 20px);line-height:1.5\">Sustainability<\/h3>\n\n\n\n<p class=\"has-small-font-size\" style=\"margin-top:8px\">To drive long-term and sustainable success through a balanced combination of environmental, economic and social practices.&nbsp;<\/p>\n<\/div>\n\n\n\n<p><\/p>\n<\/div>\n<\/div>\n\n\n\n<div style=\"height:37px\" aria-hidden=\"true\" class=\"wp-block-spacer\"><\/div>\n\n\n\n<div class=\"wp-block-group alignfull has-background-background-color has-background has-global-padding is-layout-constrained wp-container-core-group-is-layout-fb85e995 wp-block-group-is-layout-constrained\" style=\"margin-top:0;margin-bottom:0;padding-top:var(--wp--preset--spacing--60);padding-right:var(--wp--preset--spacing--30);padding-bottom:var(--wp--preset--spacing--60);padding-left:var(--wp--preset--spacing--30)\">\n<h2 class=\"wp-block-heading has-text-align-left has-large-font-size\">Sustainable results over time<\/h2>\n\n\n\n<p style=\"margin-top:16px\">Do you want to combine strategy and implementation for sustainable results with a focus on business and people?\u00a0<\/p>\n\n\n\n<div class=\"wp-block-buttons is-content-justification-center is-layout-flex wp-container-core-buttons-is-layout-720bcce9 wp-block-buttons-is-layout-flex\">\n<div class=\"wp-block-button is-style-outline is-style-outline--2\"><a class=\"wp-block-button__link wp-element-button\" href=\"\/en\/tjanster\/\">Read more<\/a><\/div>\n\n\n\n<div class=\"wp-block-button\"><a class=\"wp-block-button__link wp-element-button\" href=\"\/en\/kontakt\/\">Contact us<\/a><\/div>\n<\/div>\n<\/div>\n\n\n\n<p><\/p>","protected":false},"excerpt":{"rendered":"<p>OM OSS Adapture f\u00f6ddes med en vision om att skapa starkare verksamheter, v\u00e4l anpassade f\u00f6r framtidens krav \u2013 Adapt to the future. Ledarskap handlar inte om n\u00e4sta val, utan om n\u00e4sta generation.-Simon Sinek F\u00f6r\u00e4ndringstakten har aldrig varit s\u00e5 h\u00f6g som nu, vilket g\u00f6r det viktigare och sv\u00e5rare \u00e4n n\u00e5gonsin att f\u00f6rena strategi med genomf\u00f6rande och [&hellip;]<\/p>","protected":false},"author":1,"featured_media":0,"parent":0,"menu_order":0,"comment_status":"closed","ping_status":"closed","template":"no-title","meta":{"_monsterinsights_skip_tracking":false,"_monsterinsights_sitenote_active":false,"_monsterinsights_sitenote_note":"","_monsterinsights_sitenote_category":0,"footnotes":""},"class_list":["post-11","page","type-page","status-publish","hentry"],"aioseo_notices":[],"_links":{"self":[{"href":"https:\/\/www.adapture.se\/en\/wp-json\/wp\/v2\/pages\/11","targetHints":{"allow":["GET"]}}],"collection":[{"href":"https:\/\/www.adapture.se\/en\/wp-json\/wp\/v2\/pages"}],"about":[{"href":"https:\/\/www.adapture.se\/en\/wp-json\/wp\/v2\/types\/page"}],"author":[{"embeddable":true,"href":"https:\/\/www.adapture.se\/en\/wp-json\/wp\/v2\/users\/1"}],"replies":[{"embeddable":true,"href":"https:\/\/www.adapture.se\/en\/wp-json\/wp\/v2\/comments?post=11"}],"version-history":[{"count":74,"href":"https:\/\/www.adapture.se\/en\/wp-json\/wp\/v2\/pages\/11\/revisions"}],"predecessor-version":[{"id":813,"href":"https:\/\/www.adapture.se\/en\/wp-json\/wp\/v2\/pages\/11\/revisions\/813"}],"wp:attachment":[{"href":"https:\/\/www.adapture.se\/en\/wp-json\/wp\/v2\/media?parent=11"}],"curies":[{"name":"wp","href":"https:\/\/api.w.org\/{rel}","templated":true}]}}