{"id":12,"date":"2024-09-17T09:52:52","date_gmt":"2024-09-17T09:52:52","guid":{"rendered":"https:\/\/www.adapture.se\/kontakt\/"},"modified":"2025-03-27T10:23:46","modified_gmt":"2025-03-27T10:23:46","slug":"kontakt","status":"publish","type":"page","link":"https:\/\/www.adapture.se\/en\/kontakt\/","title":{"rendered":"Contact"},"content":{"rendered":"<div class=\"wp-block-cover alignfull is-light wp-duotone-foreground-and-background\" style=\"min-height:50vh;aspect-ratio:unset;\"><span aria-hidden=\"true\" class=\"wp-block-cover__background has-background-background-color has-background-dim-20 has-background-dim\"><\/span><img loading=\"lazy\" decoding=\"async\" width=\"2560\" height=\"1766\" class=\"wp-block-cover__image-background wp-image-720\" alt=\"\" src=\"https:\/\/www.adapture.se\/wp-content\/uploads\/2025\/03\/mobil_bw-scaled.jpg\" data-object-fit=\"cover\" srcset=\"https:\/\/www.adapture.se\/wp-content\/uploads\/2025\/03\/mobil_bw-scaled.jpg 2560w, https:\/\/www.adapture.se\/wp-content\/uploads\/2025\/03\/mobil_bw-300x207.jpg 300w, https:\/\/www.adapture.se\/wp-content\/uploads\/2025\/03\/mobil_bw-1024x706.jpg 1024w, https:\/\/www.adapture.se\/wp-content\/uploads\/2025\/03\/mobil_bw-768x530.jpg 768w, https:\/\/www.adapture.se\/wp-content\/uploads\/2025\/03\/mobil_bw-1536x1060.jpg 1536w, https:\/\/www.adapture.se\/wp-content\/uploads\/2025\/03\/mobil_bw-2048x1413.jpg 2048w\" sizes=\"auto, (max-width: 2560px) 100vw, 2560px\" \/><div class=\"wp-block-cover__inner-container is-layout-flow wp-block-cover-is-layout-flow\">\n<p class=\"has-text-align-center has-large-font-size\"><\/p>\n<\/div><\/div>\n\n\n\n<h2 class=\"wp-block-heading\">CONTACT US<\/h2>\n\n\n\n<div style=\"height:40px\" aria-hidden=\"true\" class=\"wp-block-spacer\"><\/div>\n\n\n\n<div class=\"wp-block-group alignfull has-tertiary-background-color has-background has-global-padding is-layout-constrained wp-container-core-group-is-layout-7276a2bb wp-block-group-is-layout-constrained\" id=\"kontakt\" style=\"margin-top:0;margin-bottom:0;padding-top:var(--wp--preset--spacing--60);padding-right:var(--wp--preset--spacing--30);padding-bottom:var(--wp--preset--spacing--60);padding-left:var(--wp--preset--spacing--30)\">\n<div class=\"wp-block-columns alignwide is-layout-flex wp-container-core-columns-is-layout-fa584acd wp-block-columns-is-layout-flex\">\n<div class=\"wp-block-column is-layout-flow wp-block-column-is-layout-flow\" style=\"flex-basis:50%\">\n<div class=\"wp-block-group has-global-padding is-layout-constrained wp-block-group-is-layout-constrained\" style=\"margin-bottom:var(--wp--preset--spacing--40)\">\n<h2 class=\"wp-block-heading has-large-font-size\">GET IN TOUCH<\/h2>\n\n\n\n<p style=\"margin-top:1rem\">Have questions or ideas? We at Adapture Utveckling AB are here to listen and collaborate! Whether you want to discuss innovative solutions or simply connect over a friendly conversation, we\u2019re just an email or a call away. Reach out to us, and we\u2019ll get back to you as soon as possible.&nbsp;<\/p>\n\n\n\n<figure class=\"wp-block-image size-full is-resized ext-aspect-landscape is-style-rounded\"><img loading=\"lazy\" decoding=\"async\" width=\"400\" height=\"400\" src=\"https:\/\/www.adapture.se\/wp-content\/uploads\/2025\/03\/jesper_2503_023_linkedin1_bw-1.jpg\" alt=\"\" class=\"wp-image-632\" style=\"aspect-ratio:1;object-fit:cover;width:90px;height:auto\" srcset=\"https:\/\/www.adapture.se\/wp-content\/uploads\/2025\/03\/jesper_2503_023_linkedin1_bw-1.jpg 400w, https:\/\/www.adapture.se\/wp-content\/uploads\/2025\/03\/jesper_2503_023_linkedin1_bw-1-300x300.jpg 300w, https:\/\/www.adapture.se\/wp-content\/uploads\/2025\/03\/jesper_2503_023_linkedin1_bw-1-150x150.jpg 150w\" sizes=\"auto, (max-width: 400px) 100vw, 400px\" \/><\/figure>\n\n\n\n<p><strong>E-mail:<\/strong> jesper.larsson@adapture.se<br><strong>Phone:<\/strong> +46(0)72 741 60 94<\/p>\n<\/div>\n\n\n<div class=\"wpforms-container wpforms-block wpforms-block-9afe8130-2d97-4b16-9810-df903f92a81c wpforms-render-modern\" id=\"wpforms-9\"><form id=\"wpforms-form-9\" class=\"wpforms-validate wpforms-form wpforms-ajax-form\" data-formid=\"9\" method=\"post\" enctype=\"multipart\/form-data\" action=\"\/en\/wp-json\/wp\/v2\/pages\/12\" data-token=\"1779b9efbfd2cd6573119829a512b9f3\" data-token-time=\"1777358434\" data-trp-original-action=\"\/en\/wp-json\/wp\/v2\/pages\/12\"><noscript class=\"wpforms-error-noscript\">Please enable JavaScript in your browser to complete this form.<\/noscript><div id=\"wpforms-error-noscript\" style=\"display: none;\">Please enable JavaScript in your browser to complete this form.<\/div><div class=\"wpforms-field-container\"><div id=\"wpforms-9-field_1-container\" class=\"wpforms-field wpforms-field-name\" data-field-id=\"1\"><label class=\"wpforms-field-label\" for=\"wpforms-9-field_1\">Name <span class=\"wpforms-required-label\" aria-hidden=\"true\">*<\/span><\/label><input type=\"text\" id=\"wpforms-9-field_1\" class=\"wpforms-field-large wpforms-field-required\" name=\"wpforms[fields][1]\" aria-errormessage=\"wpforms-9-field_1-error\" required><\/div><div id=\"wpforms-9-field_2-container\" class=\"wpforms-field wpforms-field-email\" data-field-id=\"2\"><label class=\"wpforms-field-label\" for=\"wpforms-9-field_2\">E-mail <span class=\"wpforms-required-label\" aria-hidden=\"true\">*<\/span><\/label><input type=\"email\" id=\"wpforms-9-field_2\" class=\"wpforms-field-large wpforms-field-required\" name=\"wpforms[fields][2]\" spellcheck=\"false\" aria-errormessage=\"wpforms-9-field_2-error\" required><\/div>\t\t<div id=\"wpforms-9-field_3-container\"\n\t\t\tclass=\"wpforms-field wpforms-field-text\"\n\t\t\tdata-field-type=\"text\"\n\t\t\tdata-field-id=\"3\"\n\t\t\t>\n\t\t\t<label class=\"wpforms-field-label\" for=\"wpforms-9-field_3\" >Meddelande Namn E-post<\/label>\n\t\t\t<input type=\"text\" id=\"wpforms-9-field_3\" class=\"wpforms-field-medium\" name=\"wpforms[fields][3]\" >\n\t\t<\/div>\n\t\t<div id=\"wpforms-9-field_5-container\" class=\"wpforms-field wpforms-field-textarea\" data-field-id=\"5\"><label class=\"wpforms-field-label\" for=\"wpforms-9-field_5\">Message  <span class=\"wpforms-required-label\" aria-hidden=\"true\">*<\/span><\/label><textarea id=\"wpforms-9-field_5\" class=\"wpforms-field-medium wpforms-field-required\" name=\"wpforms[fields][5]\" aria-errormessage=\"wpforms-9-field_5-error\" required><\/textarea><\/div><div id=\"wpforms-9-field_4-container\" class=\"wpforms-field wpforms-field-gdpr-checkbox\" data-field-id=\"4\"><label class=\"wpforms-field-label\">GDPR-agreement <span class=\"wpforms-required-label\" aria-hidden=\"true\">*<\/span><\/label><ul id=\"wpforms-9-field_4\" class=\"wpforms-field-required\"><li class=\"choice-1\"><input type=\"checkbox\" id=\"wpforms-9-field_4_1\" name=\"wpforms[fields][4][]\" value=\"Jag samtycker till att denna webbplats lagrar min inl\u00e4mnade information s\u00e5 att de kan svara p\u00e5 min f\u00f6rfr\u00e5gan.\" aria-errormessage=\"wpforms-9-field_4_1-error\" required><label class=\"wpforms-field-label-inline\" for=\"wpforms-9-field_4_1\">I agree that this website stores my submitted information so that they can respond to my request.<\/label><\/li><\/ul><\/div><script>\n\t\t\t\t( function() {\n\t\t\t\t\tconst style = document.createElement( 'style' );\n\t\t\t\t\tstyle.appendChild( document.createTextNode( '#wpforms-9-field_3-container { position: absolute !important; overflow: hidden !important; display: inline !important; height: 1px !important; width: 1px !important; z-index: -1000 !important; padding: 0 !important; } #wpforms-9-field_3-container input { visibility: hidden; } #wpforms-conversational-form-page #wpforms-9-field_3-container label { counter-increment: none; }' ) );\n\t\t\t\t\tdocument.head.appendChild( style );\n\t\t\t\t\tdocument.currentScript?.remove();\n\t\t\t\t} )();\n\t\t\t<\/script><\/div><!-- .wpforms-field-container --><div class=\"wpforms-recaptcha-container wpforms-is-recaptcha wpforms-is-recaptcha-type-invisible\" ><div class=\"g-recaptcha\" data-sitekey=\"6LcBIPAqAAAAANlQe-TykhnVkeWLFo5qcE-KkNAt\" data-size=\"invisible\"><\/div><\/div><div class=\"wpforms-submit-container\" ><input type=\"hidden\" name=\"wpforms[id]\" value=\"9\"><input type=\"hidden\" name=\"page_title\" value=\"\"><input type=\"hidden\" name=\"page_url\" value=\"https:\/\/www.adapture.se\/en\/wp-json\/wp\/v2\/pages\/12\"><input type=\"hidden\" name=\"url_referer\" value=\"\"><button type=\"submit\" name=\"wpforms[submit]\" id=\"wpforms-submit-9\" class=\"wpforms-submit\" data-alt-text=\"Skickar \u2026\" data-submit-text=\"Skicka\" aria-live=\"assertive\" value=\"wpforms-submit\">Skicka<\/button><img loading=\"lazy\" decoding=\"async\" src=\"https:\/\/www.adapture.se\/wp-content\/plugins\/wpforms-lite\/assets\/images\/submit-spin.svg\" class=\"wpforms-submit-spinner\" style=\"display: none;\" width=\"26\" height=\"26\" alt=\"Loading\"><\/div><input type=\"hidden\" name=\"trp-form-language\" value=\"en\"\/><\/form><\/div>  <!-- .wpforms-container --><\/div>\n<\/div>\n<\/div>","protected":false},"excerpt":{"rendered":"<p>KONTAKTA OSS H\u00d6R AV DIG Har du fr\u00e5gor, id\u00e9er eller vill du kanske ta en konstruktiv fika? Vi p\u00e5 Adapture Utveckling AB ser fram emot att h\u00f6ra fr\u00e5n dig! Fyll i formul\u00e4ret nedan, eller kontakta oss direkt via e-post eller telefon, s\u00e5 \u00e5terkopplar vi till dig s\u00e5 snart vi kan.&nbsp; E-post: jesper.larsson@adapture.seTelefon: +46(0)72 741 60 [&hellip;]<\/p>","protected":false},"author":1,"featured_media":0,"parent":0,"menu_order":0,"comment_status":"closed","ping_status":"closed","template":"no-title","meta":{"_monsterinsights_skip_tracking":false,"_monsterinsights_sitenote_active":false,"_monsterinsights_sitenote_note":"","_monsterinsights_sitenote_category":0,"footnotes":""},"class_list":["post-12","page","type-page","status-publish","hentry"],"aioseo_notices":[],"_links":{"self":[{"href":"https:\/\/www.adapture.se\/en\/wp-json\/wp\/v2\/pages\/12","targetHints":{"allow":["GET"]}}],"collection":[{"href":"https:\/\/www.adapture.se\/en\/wp-json\/wp\/v2\/pages"}],"about":[{"href":"https:\/\/www.adapture.se\/en\/wp-json\/wp\/v2\/types\/page"}],"author":[{"embeddable":true,"href":"https:\/\/www.adapture.se\/en\/wp-json\/wp\/v2\/users\/1"}],"replies":[{"embeddable":true,"href":"https:\/\/www.adapture.se\/en\/wp-json\/wp\/v2\/comments?post=12"}],"version-history":[{"count":30,"href":"https:\/\/www.adapture.se\/en\/wp-json\/wp\/v2\/pages\/12\/revisions"}],"predecessor-version":[{"id":740,"href":"https:\/\/www.adapture.se\/en\/wp-json\/wp\/v2\/pages\/12\/revisions\/740"}],"wp:attachment":[{"href":"https:\/\/www.adapture.se\/en\/wp-json\/wp\/v2\/media?parent=12"}],"curies":[{"name":"wp","href":"https:\/\/api.w.org\/{rel}","templated":true}]}}