{"id":14,"date":"2024-09-17T09:52:56","date_gmt":"2024-09-17T09:52:56","guid":{"rendered":"https:\/\/www.adapture.se\/rekommendationer\/"},"modified":"2025-03-30T17:46:43","modified_gmt":"2025-03-30T17:46:43","slug":"rekommendationer","status":"publish","type":"page","link":"https:\/\/www.adapture.se\/en\/rekommendationer\/","title":{"rendered":"Referenser och case"},"content":{"rendered":"<div class=\"wp-block-columns is-layout-flex wp-container-core-columns-is-layout-28f84493 wp-block-columns-is-layout-flex\">\n<div class=\"wp-block-column is-layout-flow wp-block-column-is-layout-flow\" style=\"flex-basis:100%\"><\/div>\n<\/div>\n\n\n\n<div class=\"wp-block-cover alignfull is-light wp-duotone-foreground-and-background\"><span aria-hidden=\"true\" class=\"wp-block-cover__background has-background-background-color has-background-dim-20 has-background-dim\"><\/span><img loading=\"lazy\" decoding=\"async\" width=\"1733\" height=\"1156\" class=\"wp-block-cover__image-background wp-image-460\" alt=\"\" src=\"https:\/\/www.adapture.se\/wp-content\/uploads\/2025\/03\/SB005975-edited-2.jpg\" style=\"object-position:41% 33%\" data-object-fit=\"cover\" data-object-position=\"41% 33%\" srcset=\"https:\/\/www.adapture.se\/wp-content\/uploads\/2025\/03\/SB005975-edited-2.jpg 1733w, https:\/\/www.adapture.se\/wp-content\/uploads\/2025\/03\/SB005975-edited-2-300x200.jpg 300w, https:\/\/www.adapture.se\/wp-content\/uploads\/2025\/03\/SB005975-edited-2-1024x683.jpg 1024w, https:\/\/www.adapture.se\/wp-content\/uploads\/2025\/03\/SB005975-edited-2-768x512.jpg 768w, https:\/\/www.adapture.se\/wp-content\/uploads\/2025\/03\/SB005975-edited-2-1536x1025.jpg 1536w\" sizes=\"auto, (max-width: 1733px) 100vw, 1733px\" \/><div class=\"wp-block-cover__inner-container is-layout-flow wp-block-cover-is-layout-flow\">\n<p><\/p>\n<\/div><\/div>\n\n\n\n<h2 class=\"wp-block-heading\">CASE<\/h2>\n\n\n\n<p>We have had the privilege of working with companies in various industries, from smaller entrepreneurial businesses to larger established players, often in international contexts. Our efforts have varied depending on needs and challenges, but the foundation is always the same\u2013 <strong>to support a sustainable and effective transformation. By delivering solutions that last over time, we create real and long-term impact.<\/strong><\/p>\n\n\n\n<div class=\"wp-block-group alignfull has-background-background-color has-background has-global-padding is-layout-constrained wp-container-core-group-is-layout-7276a2bb wp-block-group-is-layout-constrained\" style=\"margin-top:0;margin-bottom:0;padding-top:var(--wp--preset--spacing--60);padding-right:var(--wp--preset--spacing--30);padding-bottom:var(--wp--preset--spacing--60);padding-left:var(--wp--preset--spacing--30)\">\n<div class=\"wp-block-columns alignwide is-layout-flex wp-container-core-columns-is-layout-5b525043 wp-block-columns-is-layout-flex\">\n<div class=\"wp-block-column is-layout-flow wp-block-column-is-layout-flow\">\n<div class=\"wp-block-group has-tertiary-background-color has-background has-global-padding is-layout-constrained wp-container-core-group-is-layout-13e450dc wp-block-group-is-layout-constrained\" style=\"border-radius:1.5rem;padding-top:2rem;padding-right:1.5rem;padding-bottom:2rem;padding-left:1.5rem\">\n<h3 class=\"wp-block-heading has-text-align-left\" style=\"font-size:clamp(18.959px, 1.185rem + ((1vw - 3.2px) * 1.15), 30px);line-height:1.5\">Global consumer goods company<\/h3>\n\n\n\n<p class=\"has-text-align-left has-small-font-size\" style=\"margin-top:8px;margin-bottom:var(--wp--preset--spacing--30)\"><strong>About:<\/strong> A fast-growing global consumer goods company with the ambition to conquer the European market was faced with the challenge of establishing a product development organization and fully integrating it into the parent company in record time. In parallel, several technologically advanced products needed to be developed and launched on the market.\u00a0<\/p>\n\n\n\n<p class=\"has-text-align-left has-small-font-size\" style=\"margin-top:8px;margin-bottom:var(--wp--preset--spacing--30)\"><strong>Mission: <\/strong>The assignment involved leading the entire process from the start, including recruiting staff, building a new development center, and ensuring both organization and work processes. The extremely tight schedule required innovative thinking and unconventional solutions in many respects. Delegated leadership, built on a clear vision and trust, allowed the international team to grow, take responsibility, and deliver according to the high expectations.&nbsp;&nbsp;<\/p>\n<\/div>\n\n\n\n<div class=\"wp-block-group has-tertiary-background-color has-background has-global-padding is-layout-constrained wp-container-core-group-is-layout-13e450dc wp-block-group-is-layout-constrained\" style=\"border-radius:1.5rem;padding-top:2rem;padding-right:1.5rem;padding-bottom:2rem;padding-left:1.5rem\">\n<h3 class=\"wp-block-heading has-text-align-left\" style=\"font-size:clamp(18.959px, 1.185rem + ((1vw - 3.2px) * 1.15), 30px);line-height:1.5\">Startup<\/h3>\n\n\n\n<p class=\"has-text-align-left has-small-font-size\" style=\"margin-top:8px;margin-bottom:var(--wp--preset--spacing--30)\"><strong>About:<\/strong> A startup with a business idea to rent out vehicles to golfers according to a PaaS model.&nbsp;<\/p>\n\n\n\n<p class=\"has-text-align-left has-small-font-size\" style=\"margin-top:8px;margin-bottom:var(--wp--preset--spacing--30)\"><strong>Mission: <\/strong>To develop a suitable vehicle and associated digital ECO system in a few months and then launch a pilot to test interest. The pilot was very successful and already in the second year 100,000 rentals were reached with very positive reviews.&nbsp;&nbsp;&nbsp;<\/p>\n<\/div>\n<\/div>\n\n\n\n<div class=\"wp-block-column is-layout-flow wp-block-column-is-layout-flow\">\n<div class=\"wp-block-group has-tertiary-background-color has-background has-global-padding is-layout-constrained wp-container-core-group-is-layout-13e450dc wp-block-group-is-layout-constrained\" style=\"border-radius:1.5rem;padding-top:2rem;padding-right:1.5rem;padding-bottom:2rem;padding-left:1.5rem\">\n<h3 class=\"wp-block-heading has-text-align-left\" style=\"font-size:clamp(18.959px, 1.185rem + ((1vw - 3.2px) * 1.15), 30px);line-height:1.5\">Global industrial company<\/h3>\n\n\n\n<p class=\"has-small-font-size\" style=\"margin-top:8px;margin-bottom:var(--wp--preset--spacing--30)\"><strong>About:&nbsp;<\/strong>A major global industrial company that had been run as a corporate group with separate business units for many years was facing a restructuring. The company underwent a total transformation to achieve profitability, which meant a harmonized operation with common processes, systems and working methods.&nbsp;<\/p>\n\n\n\n<p class=\"has-small-font-size\" style=\"margin-top:8px;margin-bottom:var(--wp--preset--spacing--30)\"><strong>Mission:<\/strong>The assignment was to lead the various steps of the transformation through a PMO, with an extensive project portfolio that initially focused on stabilizing the business and adapting the cost structure. Working from an established model with clarity, corporate culture and communication were central to the success of the transformation process.&nbsp;<\/p>\n<\/div>\n\n\n\n<div class=\"wp-block-group has-tertiary-background-color has-background has-global-padding is-layout-constrained wp-container-core-group-is-layout-13e450dc wp-block-group-is-layout-constrained\" style=\"border-radius:1.5rem;padding-top:2rem;padding-right:1.5rem;padding-bottom:2rem;padding-left:1.5rem\">\n<h3 class=\"wp-block-heading has-text-align-left\" style=\"font-size:clamp(18.959px, 1.185rem + ((1vw - 3.2px) * 1.15), 30px);line-height:1.5\">Global industrial company<\/h3>\n\n\n\n<p class=\"has-small-font-size\" style=\"margin-top:8px;margin-bottom:var(--wp--preset--spacing--30)\"><strong>About:&nbsp;<\/strong>A well-established company with many years in the industry had gone through a tough period during the pandemic, resulting in high staff turnover and neglected development.&nbsp;&nbsp;<\/p>\n\n\n\n<p class=\"has-small-font-size\" style=\"margin-top:8px;margin-bottom:var(--wp--preset--spacing--30)\"><strong>Mission:<\/strong>As CEO, the focus was on creating security and filling the vacancies that had arisen. Together with the team, a goal was formulated around business and values. The basis was to take a starting point in sustainability work, introduce a CRM system to become a business-driven organization and establish a digital market presence.&nbsp;<\/p>\n<\/div>\n<\/div>\n\n\n\n<div class=\"wp-block-column is-layout-flow wp-block-column-is-layout-flow\">\n<div class=\"wp-block-group has-tertiary-background-color has-background has-global-padding is-layout-constrained wp-container-core-group-is-layout-13e450dc wp-block-group-is-layout-constrained\" style=\"border-radius:1.5rem;padding-top:2rem;padding-right:1.5rem;padding-bottom:2rem;padding-left:1.5rem\">\n<h3 class=\"wp-block-heading has-text-align-left\" style=\"font-size:clamp(18.959px, 1.185rem + ((1vw - 3.2px) * 1.15), 30px);line-height:1.5\">Global consumer goods company<\/h3>\n\n\n\n<p class=\"has-text-align-left has-small-font-size\" style=\"margin-top:8px;margin-bottom:var(--wp--preset--spacing--30)\"><strong>About:&nbsp;<\/strong>A large, world-leading manufacturer of consumer products with PE owners. The company has gone through a period of turbulence, characterized by failed product launches, staff turnover and lack of critical processes.&nbsp;<\/p>\n\n\n\n<p class=\"has-text-align-left has-small-font-size\" style=\"margin-top:8px;margin-bottom:var(--wp--preset--spacing--30)\"><strong>Mission:<\/strong>&nbsp;As CTO and member of the Group Management, the mission was to stabilize the situation, create security and confidence in the future. At the same time, the business began to deliver according to plan and expectations. Major investments were made in the existing organization, and a new organization was established in India to gain access to cutting-edge expertise in a cost-effective way.&nbsp;&nbsp;<\/p>\n<\/div>\n\n\n\n<div class=\"wp-block-group has-tertiary-background-color has-background has-global-padding is-layout-constrained wp-container-core-group-is-layout-13e450dc wp-block-group-is-layout-constrained\" style=\"border-radius:1.5rem;padding-top:2rem;padding-right:1.5rem;padding-bottom:2rem;padding-left:1.5rem\">\n<h3 class=\"wp-block-heading has-text-align-left\" style=\"font-size:clamp(18.959px, 1.185rem + ((1vw - 3.2px) * 1.15), 30px);line-height:1.5\">International research company<\/h3>\n\n\n\n<p class=\"has-text-align-left has-small-font-size\" style=\"margin-top:8px;margin-bottom:var(--wp--preset--spacing--30)\"><strong>About:&nbsp;<\/strong>A company with extensive experience in research and development that delivers innovative data solutions and technology to improve safety, efficiency and sustainability in the transport and mobility sector.&nbsp;<\/p>\n\n\n\n<p class=\"has-text-align-left has-small-font-size\" style=\"margin-top:8px;margin-bottom:var(--wp--preset--spacing--30)\"><strong>Mission:<\/strong>&nbsp;The assignment was about developing the digital service business and marketing by implementing new business solutions and tools to identify and attract potential customers.&nbsp;&nbsp;<\/p>\n<\/div>\n<\/div>\n<\/div>\n<\/div>\n\n\n\n<div class=\"wp-block-group alignfull has-tertiary-background-color has-background has-global-padding is-layout-constrained wp-container-core-group-is-layout-7276a2bb wp-block-group-is-layout-constrained\" style=\"margin-top:0;margin-bottom:0;padding-top:var(--wp--preset--spacing--60);padding-right:var(--wp--preset--spacing--30);padding-bottom:var(--wp--preset--spacing--60);padding-left:var(--wp--preset--spacing--30)\">\n<div class=\"wp-block-group has-global-padding is-layout-constrained wp-block-group-is-layout-constrained\">\n<h2 class=\"wp-block-heading has-text-align-left has-large-font-size\">Sustainable transformation is the key to a safe step into the future<\/h2>\n\n\n\n<p class=\"has-text-align-left\" style=\"margin-top:16px\">Transformation can often be complex and challenging, at Adapture we help you make the transition as smooth as possible. By focusing on a sustainable change process, we help your company develop long-term. Together we ensure the success of your business in a changing world.<\/p>\n\n\n\n<div class=\"wp-block-buttons is-content-justification-center is-layout-flex wp-container-core-buttons-is-layout-720bcce9 wp-block-buttons-is-layout-flex\">\n<div class=\"wp-block-button is-style-outline is-style-outline--1\"><a class=\"wp-block-button__link wp-element-button\" href=\"\/en\/tjanster\/\">Read more<\/a><\/div>\n\n\n\n<div class=\"wp-block-button\"><a class=\"wp-block-button__link wp-element-button\" href=\"\/en\/kontakt\/\">Contact us<\/a><\/div>\n<\/div>\n<\/div>\n<\/div>","protected":false},"excerpt":{"rendered":"<p>CASE Vi har haft gl\u00e4djen att samarbeta med f\u00f6retag fr\u00e5n en rad olika sektorer\u2013 allt fr\u00e5n sm\u00e5, innovativa entrepren\u00f6rsf\u00f6retag till stora, v\u00e4letablerade akt\u00f6rer med internationell r\u00e4ckvidd. V\u00e5ra uppdrag har varierat beroende p\u00e5 respektive verksamhets unika behov och utmaningar, men v\u00e5rt fokus \u00e4r alltid of\u00f6r\u00e4ndrat: att st\u00f6dja en h\u00e5llbar och effektiv f\u00f6r\u00e4ndringsresa. Genom att leverera l\u00f6sningar [&hellip;]<\/p>","protected":false},"author":1,"featured_media":0,"parent":0,"menu_order":0,"comment_status":"closed","ping_status":"closed","template":"no-title","meta":{"_monsterinsights_skip_tracking":false,"_monsterinsights_sitenote_active":false,"_monsterinsights_sitenote_note":"","_monsterinsights_sitenote_category":0,"footnotes":""},"class_list":["post-14","page","type-page","status-publish","hentry"],"aioseo_notices":[],"_links":{"self":[{"href":"https:\/\/www.adapture.se\/en\/wp-json\/wp\/v2\/pages\/14","targetHints":{"allow":["GET"]}}],"collection":[{"href":"https:\/\/www.adapture.se\/en\/wp-json\/wp\/v2\/pages"}],"about":[{"href":"https:\/\/www.adapture.se\/en\/wp-json\/wp\/v2\/types\/page"}],"author":[{"embeddable":true,"href":"https:\/\/www.adapture.se\/en\/wp-json\/wp\/v2\/users\/1"}],"replies":[{"embeddable":true,"href":"https:\/\/www.adapture.se\/en\/wp-json\/wp\/v2\/comments?post=14"}],"version-history":[{"count":60,"href":"https:\/\/www.adapture.se\/en\/wp-json\/wp\/v2\/pages\/14\/revisions"}],"predecessor-version":[{"id":846,"href":"https:\/\/www.adapture.se\/en\/wp-json\/wp\/v2\/pages\/14\/revisions\/846"}],"wp:attachment":[{"href":"https:\/\/www.adapture.se\/en\/wp-json\/wp\/v2\/media?parent=14"}],"curies":[{"name":"wp","href":"https:\/\/api.w.org\/{rel}","templated":true}]}}