{"id":565,"date":"2025-03-06T10:01:38","date_gmt":"2025-03-06T10:01:38","guid":{"rendered":"https:\/\/www.adapture.se\/?page_id=565"},"modified":"2025-03-17T12:49:31","modified_gmt":"2025-03-17T12:49:31","slug":"transformativt-ledarskap","status":"publish","type":"page","link":"https:\/\/www.adapture.se\/en\/tjanster\/transformativt-ledarskap\/","title":{"rendered":"Transformative leadership"},"content":{"rendered":"<div class=\"wp-block-group alignfull has-background-background-color has-background has-global-padding is-layout-constrained wp-container-core-group-is-layout-1765a8f1 wp-block-group-is-layout-constrained\" style=\"margin-top:0;margin-bottom:0;padding-top:var(--wp--preset--spacing--30);padding-bottom:var(--wp--preset--spacing--60)\">\n<div class=\"wp-block-columns alignwide are-vertically-aligned-center has-tertiary-background-color has-background is-layout-flex wp-container-core-columns-is-layout-103b4147 wp-block-columns-is-layout-flex\" style=\"border-top-left-radius:1rem;border-top-right-radius:1rem;border-bottom-left-radius:1rem;border-bottom-right-radius:10rem;padding-top:var(--wp--preset--spacing--60);padding-right:var(--wp--preset--spacing--50);padding-bottom:var(--wp--preset--spacing--60);padding-left:var(--wp--preset--spacing--50)\">\n<div class=\"wp-block-column is-vertically-aligned-center is-layout-flow wp-block-column-is-layout-flow\">\n<div class=\"wp-block-group has-global-padding is-content-justification-left is-layout-constrained wp-container-core-group-is-layout-12dd3699 wp-block-group-is-layout-constrained\">\n<h1 class=\"wp-block-heading\">Transformative leadership<\/h1>\n\n\n\n<p style=\"margin-top:16px\">Our transformative leadership provides the opportunity to successfully lead and manage change. We offer both strategic advice and operational support \u2013 tailored to your specific needs.&nbsp;<\/p>\n\n\n\n<p><strong>With our consulting, we help you analyze challenges, develop an inspiring vision and create a clear strategy for transformation. <\/strong>If necessary, we also engage operationally to drive change efforts on site \u2013 from implementing new working methods to building commitment in the organization.\u00a0<\/p>\n\n\n\n<p style=\"margin-top:16px\">Whether you are looking for guidance, operational support or a combination of both, we deliver the tools and leadership to take you from idea to concrete results. Together, we create sustainable success for your organization.<\/p>\n\n\n\n<div class=\"wp-block-buttons is-content-justification-left is-layout-flex wp-container-core-buttons-is-layout-ec155617 wp-block-buttons-is-layout-flex\" style=\"margin-top:var(--wp--preset--spacing--40)\">\n<div class=\"wp-block-button\"><a class=\"wp-block-button__link wp-element-button\" href=\"https:\/\/www.adapture.se\/en\/kontakt\/\">Contact us<\/a><\/div>\n<\/div>\n<\/div>\n<\/div>\n\n\n\n<div class=\"wp-block-column is-vertically-aligned-center is-layout-flow wp-block-column-is-layout-flow\" style=\"flex-basis:30%\">\n<figure class=\"wp-block-image size-large has-custom-border is-style-default\"><img loading=\"lazy\" decoding=\"async\" width=\"1024\" height=\"1024\" src=\"https:\/\/www.adapture.se\/wp-content\/uploads\/2025\/02\/transformativtledarskap_1-1024x1024.png\" alt=\"\" class=\"wp-image-415\" style=\"border-radius:0rem;aspect-ratio:2\/3;object-fit:contain\" srcset=\"https:\/\/www.adapture.se\/wp-content\/uploads\/2025\/02\/transformativtledarskap_1-1024x1024.png 1024w, https:\/\/www.adapture.se\/wp-content\/uploads\/2025\/02\/transformativtledarskap_1-300x300.png 300w, https:\/\/www.adapture.se\/wp-content\/uploads\/2025\/02\/transformativtledarskap_1-150x150.png 150w, https:\/\/www.adapture.se\/wp-content\/uploads\/2025\/02\/transformativtledarskap_1-768x768.png 768w, https:\/\/www.adapture.se\/wp-content\/uploads\/2025\/02\/transformativtledarskap_1.png 1042w\" sizes=\"auto, (max-width: 1024px) 100vw, 1024px\" \/><\/figure>\n<\/div>\n<\/div>\n<\/div>\n\n\n\n<p><\/p>","protected":false},"excerpt":{"rendered":"<p>Transformativt ledarskap V\u00e5rt transformativa ledarskap ger er m\u00f6jligheten att framg\u00e5ngsrikt leda och hantera f\u00f6r\u00e4ndring. Vi erbjuder b\u00e5de strategisk r\u00e5dgivning och operativt st\u00f6d \u2013 anpassat till just era behov.&nbsp; Med v\u00e5r r\u00e5dgivning hj\u00e4lper vi er att analysera utmaningar, utveckla en inspirerande vision och skapa en tydlig strategi f\u00f6r transformationen. Vid behov g\u00e5r vi \u00e4ven in operativt [&hellip;]<\/p>","protected":false},"author":1,"featured_media":0,"parent":13,"menu_order":0,"comment_status":"closed","ping_status":"closed","template":"","meta":{"_monsterinsights_skip_tracking":false,"_monsterinsights_sitenote_active":false,"_monsterinsights_sitenote_note":"","_monsterinsights_sitenote_category":0,"footnotes":""},"class_list":["post-565","page","type-page","status-publish","hentry"],"aioseo_notices":[],"_links":{"self":[{"href":"https:\/\/www.adapture.se\/en\/wp-json\/wp\/v2\/pages\/565","targetHints":{"allow":["GET"]}}],"collection":[{"href":"https:\/\/www.adapture.se\/en\/wp-json\/wp\/v2\/pages"}],"about":[{"href":"https:\/\/www.adapture.se\/en\/wp-json\/wp\/v2\/types\/page"}],"author":[{"embeddable":true,"href":"https:\/\/www.adapture.se\/en\/wp-json\/wp\/v2\/users\/1"}],"replies":[{"embeddable":true,"href":"https:\/\/www.adapture.se\/en\/wp-json\/wp\/v2\/comments?post=565"}],"version-history":[{"count":4,"href":"https:\/\/www.adapture.se\/en\/wp-json\/wp\/v2\/pages\/565\/revisions"}],"predecessor-version":[{"id":656,"href":"https:\/\/www.adapture.se\/en\/wp-json\/wp\/v2\/pages\/565\/revisions\/656"}],"up":[{"embeddable":true,"href":"https:\/\/www.adapture.se\/en\/wp-json\/wp\/v2\/pages\/13"}],"wp:attachment":[{"href":"https:\/\/www.adapture.se\/en\/wp-json\/wp\/v2\/media?parent=565"}],"curies":[{"name":"wp","href":"https:\/\/api.w.org\/{rel}","templated":true}]}}