{"id":567,"date":"2025-03-06T10:05:53","date_gmt":"2025-03-06T10:05:53","guid":{"rendered":"https:\/\/www.adapture.se\/?page_id=567"},"modified":"2025-03-17T12:33:54","modified_gmt":"2025-03-17T12:33:54","slug":"567-2","status":"publish","type":"page","link":"https:\/\/www.adapture.se\/en\/tjanster\/567-2\/","title":{"rendered":"Strategic Management"},"content":{"rendered":"<div class=\"wp-block-group alignfull has-background-background-color has-background has-global-padding is-layout-constrained wp-container-core-group-is-layout-1765a8f1 wp-block-group-is-layout-constrained\" style=\"margin-top:0;margin-bottom:0;padding-top:var(--wp--preset--spacing--30);padding-bottom:var(--wp--preset--spacing--60)\">\n<div class=\"wp-block-columns alignwide are-vertically-aligned-center has-tertiary-background-color has-background is-layout-flex wp-container-core-columns-is-layout-103b4147 wp-block-columns-is-layout-flex\" style=\"border-top-left-radius:1rem;border-top-right-radius:1rem;border-bottom-left-radius:1rem;border-bottom-right-radius:10rem;padding-top:var(--wp--preset--spacing--60);padding-right:var(--wp--preset--spacing--50);padding-bottom:var(--wp--preset--spacing--60);padding-left:var(--wp--preset--spacing--50)\">\n<div class=\"wp-block-column is-vertically-aligned-center is-layout-flow wp-block-column-is-layout-flow\">\n<div class=\"wp-block-group has-global-padding is-content-justification-left is-layout-constrained wp-container-core-group-is-layout-12dd3699 wp-block-group-is-layout-constrained\">\n<h1 class=\"wp-block-heading\">Strategic Management<\/h1>\n\n\n\n<p style=\"margin-top:16px\">Strategic management is essential to driving successful transformation. With a clear and inspiring vision, we create a path forward that engages and unites the entire organization. By identifying the most critical focus areas and prioritizing the right resources, we lay the foundation for sustainable and meaningful change.&nbsp;<\/p>\n\n\n\n<blockquote class=\"wp-block-quote is-layout-flow wp-block-quote-is-layout-flow\">\n<p><strong>Strategic management is not just a tool \u2013 it is the momentum that takes your organization from ambition to success.<\/strong>. <\/p>\n<\/blockquote>\n\n\n\n<p>We develop strategies that turns into concrete and measurable plans, track progress and proactively address any obstacles. With insight and determination, we help you navigate uncertainty, create innovation and ensure that your transformation not only meets today's demands but also prepares you for tomorrow's opportunities.&nbsp;<\/p>\n\n\n\n<p style=\"margin-top:16px\">Together we create a strong and sustainable foundation for your journey into the future.\u00a0<\/p>\n\n\n\n<div class=\"wp-block-buttons is-content-justification-left is-layout-flex wp-container-core-buttons-is-layout-ec155617 wp-block-buttons-is-layout-flex\" style=\"margin-top:var(--wp--preset--spacing--40)\">\n<div class=\"wp-block-button\"><a class=\"wp-block-button__link wp-element-button\" href=\"https:\/\/www.adapture.se\/en\/kontakt\/\">Contact us<\/a><\/div>\n<\/div>\n<\/div>\n<\/div>\n\n\n\n<div class=\"wp-block-column is-vertically-aligned-center is-layout-flow wp-block-column-is-layout-flow\" style=\"flex-basis:30%\">\n<figure class=\"wp-block-image size-large has-custom-border is-style-default\"><img loading=\"lazy\" decoding=\"async\" width=\"1024\" height=\"1024\" src=\"https:\/\/www.adapture.se\/wp-content\/uploads\/2025\/02\/strategiskledning_1-1024x1024.png\" alt=\"\" class=\"wp-image-413\" style=\"border-radius:0rem;aspect-ratio:2\/3;object-fit:contain\" srcset=\"https:\/\/www.adapture.se\/wp-content\/uploads\/2025\/02\/strategiskledning_1-1024x1024.png 1024w, https:\/\/www.adapture.se\/wp-content\/uploads\/2025\/02\/strategiskledning_1-300x300.png 300w, https:\/\/www.adapture.se\/wp-content\/uploads\/2025\/02\/strategiskledning_1-150x150.png 150w, https:\/\/www.adapture.se\/wp-content\/uploads\/2025\/02\/strategiskledning_1-768x768.png 768w, https:\/\/www.adapture.se\/wp-content\/uploads\/2025\/02\/strategiskledning_1.png 1042w\" sizes=\"auto, (max-width: 1024px) 100vw, 1024px\" \/><\/figure>\n<\/div>\n<\/div>\n<\/div>","protected":false},"excerpt":{"rendered":"<p>Strategisk ledning Strategisk ledning \u00e4r avg\u00f6rande f\u00f6r att driva en framg\u00e5ngsrik transformation. Med en tydlig och inspirerande vision skapar vi en v\u00e4g fram\u00e5t som engagerar och enar hela organisationen. Genom att identifiera de mest kritiska fokusomr\u00e5dena och prioritera r\u00e4tt resurser, l\u00e4gger vi grunden f\u00f6r h\u00e5llbara och meningsfulla f\u00f6r\u00e4ndringar.&nbsp; Strategisk ledning \u00e4r inte bara ett verktyg [&hellip;]<\/p>","protected":false},"author":1,"featured_media":0,"parent":13,"menu_order":0,"comment_status":"closed","ping_status":"closed","template":"","meta":{"_monsterinsights_skip_tracking":false,"_monsterinsights_sitenote_active":false,"_monsterinsights_sitenote_note":"","_monsterinsights_sitenote_category":0,"footnotes":""},"class_list":["post-567","page","type-page","status-publish","hentry"],"aioseo_notices":[],"_links":{"self":[{"href":"https:\/\/www.adapture.se\/en\/wp-json\/wp\/v2\/pages\/567","targetHints":{"allow":["GET"]}}],"collection":[{"href":"https:\/\/www.adapture.se\/en\/wp-json\/wp\/v2\/pages"}],"about":[{"href":"https:\/\/www.adapture.se\/en\/wp-json\/wp\/v2\/types\/page"}],"author":[{"embeddable":true,"href":"https:\/\/www.adapture.se\/en\/wp-json\/wp\/v2\/users\/1"}],"replies":[{"embeddable":true,"href":"https:\/\/www.adapture.se\/en\/wp-json\/wp\/v2\/comments?post=567"}],"version-history":[{"count":5,"href":"https:\/\/www.adapture.se\/en\/wp-json\/wp\/v2\/pages\/567\/revisions"}],"predecessor-version":[{"id":645,"href":"https:\/\/www.adapture.se\/en\/wp-json\/wp\/v2\/pages\/567\/revisions\/645"}],"up":[{"embeddable":true,"href":"https:\/\/www.adapture.se\/en\/wp-json\/wp\/v2\/pages\/13"}],"wp:attachment":[{"href":"https:\/\/www.adapture.se\/en\/wp-json\/wp\/v2\/media?parent=567"}],"curies":[{"name":"wp","href":"https:\/\/api.w.org\/{rel}","templated":true}]}}