{"id":569,"date":"2025-03-06T10:07:48","date_gmt":"2025-03-06T10:07:48","guid":{"rendered":"https:\/\/www.adapture.se\/?page_id=569"},"modified":"2025-03-27T12:38:10","modified_gmt":"2025-03-27T12:38:10","slug":"digital-transformation","status":"publish","type":"page","link":"https:\/\/www.adapture.se\/en\/tjanster\/digital-transformation\/","title":{"rendered":"Digital transformation"},"content":{"rendered":"<div class=\"wp-block-group alignfull has-background-background-color has-background has-global-padding is-layout-constrained wp-container-core-group-is-layout-1765a8f1 wp-block-group-is-layout-constrained\" style=\"margin-top:0;margin-bottom:0;padding-top:var(--wp--preset--spacing--30);padding-bottom:var(--wp--preset--spacing--60)\">\n<div class=\"wp-block-columns alignwide are-vertically-aligned-center has-tertiary-background-color has-background is-layout-flex wp-container-core-columns-is-layout-103b4147 wp-block-columns-is-layout-flex\" style=\"border-top-left-radius:1rem;border-top-right-radius:1rem;border-bottom-left-radius:1rem;border-bottom-right-radius:10rem;padding-top:var(--wp--preset--spacing--60);padding-right:var(--wp--preset--spacing--50);padding-bottom:var(--wp--preset--spacing--60);padding-left:var(--wp--preset--spacing--50)\">\n<div class=\"wp-block-column is-vertically-aligned-center is-layout-flow wp-block-column-is-layout-flow\">\n<div class=\"wp-block-group has-global-padding is-content-justification-left is-layout-constrained wp-container-core-group-is-layout-12dd3699 wp-block-group-is-layout-constrained\">\n<h1 class=\"wp-block-heading\">Digital transformation<\/h1>\n\n\n\n<p style=\"margin-top:16px\">Digital transformation is a strategic journey of change where the role of management is crucial for success. <strong>By making informed decisions about technology, processes and resources, management can drive a transformation that creates both efficiency and competitiveness.&nbsp;<\/strong><\/p>\n\n\n\n<p>We support you in developing a clear roadmap for your digital transformation, where management is given the tools and insights needed to make wise decisions. This includes identifying the right digital solutions, ensuring that they are implemented with clear governance and following up on the results through measurable key performance indicators.&nbsp;<\/p>\n\n\n\n<p style=\"margin-top:16px\">With a strong focus on governance and strategy, we help your management balance short-term needs with long-term goals. Together, we turn digital transformation into a catalyst for growth and innovation \u2013 equipped to meet both today\u2019s demands and tomorrow\u2019s opportunities\u00a0<\/p>\n\n\n\n<div class=\"wp-block-buttons is-content-justification-left is-layout-flex wp-container-core-buttons-is-layout-ec155617 wp-block-buttons-is-layout-flex\" style=\"margin-top:var(--wp--preset--spacing--40)\">\n<div class=\"wp-block-button\"><a class=\"wp-block-button__link wp-element-button\" href=\"https:\/\/www.adapture.se\/en\/kontakt\/\">Contact us<\/a><\/div>\n<\/div>\n<\/div>\n<\/div>\n\n\n\n<div class=\"wp-block-column is-vertically-aligned-center is-layout-flow wp-block-column-is-layout-flow\" style=\"flex-basis:30%\">\n<figure class=\"wp-block-image size-large has-custom-border is-style-default\"><img loading=\"lazy\" decoding=\"async\" width=\"1024\" height=\"1024\" src=\"https:\/\/www.adapture.se\/wp-content\/uploads\/2025\/02\/digital-transformation_1-1024x1024.png\" alt=\"\" class=\"wp-image-408\" style=\"border-radius:0rem;aspect-ratio:2\/3;object-fit:contain\" srcset=\"https:\/\/www.adapture.se\/wp-content\/uploads\/2025\/02\/digital-transformation_1-1024x1024.png 1024w, https:\/\/www.adapture.se\/wp-content\/uploads\/2025\/02\/digital-transformation_1-300x300.png 300w, https:\/\/www.adapture.se\/wp-content\/uploads\/2025\/02\/digital-transformation_1-150x150.png 150w, https:\/\/www.adapture.se\/wp-content\/uploads\/2025\/02\/digital-transformation_1-768x768.png 768w, https:\/\/www.adapture.se\/wp-content\/uploads\/2025\/02\/digital-transformation_1.png 1042w\" sizes=\"auto, (max-width: 1024px) 100vw, 1024px\" \/><\/figure>\n<\/div>\n<\/div>\n<\/div>","protected":false},"excerpt":{"rendered":"<p>Digital transformation Digital transformation \u00e4r en strategisk f\u00f6r\u00e4ndringsresa d\u00e4r ledningens roll \u00e4r avg\u00f6rande f\u00f6r framg\u00e5ng. Genom att fatta v\u00e4lgrundade beslut om teknologi, processer och resurser kan ledningen driva en transformation som skapar b\u00e5de effektivitet och konkurrenskraft.&nbsp; Vi st\u00f6ttar er med att utveckla en tydlig roadmap f\u00f6r er digitala transformation, d\u00e4r ledningen f\u00e5r de verktyg och [&hellip;]<\/p>","protected":false},"author":1,"featured_media":0,"parent":13,"menu_order":0,"comment_status":"closed","ping_status":"closed","template":"","meta":{"_monsterinsights_skip_tracking":false,"_monsterinsights_sitenote_active":false,"_monsterinsights_sitenote_note":"","_monsterinsights_sitenote_category":0,"footnotes":""},"class_list":["post-569","page","type-page","status-publish","hentry"],"aioseo_notices":[],"_links":{"self":[{"href":"https:\/\/www.adapture.se\/en\/wp-json\/wp\/v2\/pages\/569","targetHints":{"allow":["GET"]}}],"collection":[{"href":"https:\/\/www.adapture.se\/en\/wp-json\/wp\/v2\/pages"}],"about":[{"href":"https:\/\/www.adapture.se\/en\/wp-json\/wp\/v2\/types\/page"}],"author":[{"embeddable":true,"href":"https:\/\/www.adapture.se\/en\/wp-json\/wp\/v2\/users\/1"}],"replies":[{"embeddable":true,"href":"https:\/\/www.adapture.se\/en\/wp-json\/wp\/v2\/comments?post=569"}],"version-history":[{"count":4,"href":"https:\/\/www.adapture.se\/en\/wp-json\/wp\/v2\/pages\/569\/revisions"}],"predecessor-version":[{"id":840,"href":"https:\/\/www.adapture.se\/en\/wp-json\/wp\/v2\/pages\/569\/revisions\/840"}],"up":[{"embeddable":true,"href":"https:\/\/www.adapture.se\/en\/wp-json\/wp\/v2\/pages\/13"}],"wp:attachment":[{"href":"https:\/\/www.adapture.se\/en\/wp-json\/wp\/v2\/media?parent=569"}],"curies":[{"name":"wp","href":"https:\/\/api.w.org\/{rel}","templated":true}]}}