{"id":572,"date":"2025-03-06T10:10:28","date_gmt":"2025-03-06T10:10:28","guid":{"rendered":"https:\/\/www.adapture.se\/?page_id=572"},"modified":"2025-03-27T13:13:15","modified_gmt":"2025-03-27T13:13:15","slug":"forandringsledning","status":"publish","type":"page","link":"https:\/\/www.adapture.se\/en\/tjanster\/forandringsledning\/","title":{"rendered":"Change Management"},"content":{"rendered":"<div class=\"wp-block-group alignfull has-background-background-color has-background has-global-padding is-layout-constrained wp-container-core-group-is-layout-1765a8f1 wp-block-group-is-layout-constrained\" style=\"margin-top:0;margin-bottom:0;padding-top:var(--wp--preset--spacing--30);padding-bottom:var(--wp--preset--spacing--60)\">\n<div class=\"wp-block-columns alignwide are-vertically-aligned-center has-tertiary-background-color has-background is-layout-flex wp-container-core-columns-is-layout-103b4147 wp-block-columns-is-layout-flex\" style=\"border-top-left-radius:1rem;border-top-right-radius:1rem;border-bottom-left-radius:1rem;border-bottom-right-radius:10rem;padding-top:var(--wp--preset--spacing--60);padding-right:var(--wp--preset--spacing--50);padding-bottom:var(--wp--preset--spacing--60);padding-left:var(--wp--preset--spacing--50)\">\n<div class=\"wp-block-column is-vertically-aligned-center is-layout-flow wp-block-column-is-layout-flow\">\n<div class=\"wp-block-group has-global-padding is-content-justification-left is-layout-constrained wp-container-core-group-is-layout-12dd3699 wp-block-group-is-layout-constrained\">\n<h1 class=\"wp-block-heading\">Change Management<\/h1>\n\n\n\n<p style=\"margin-top:16px\">Change management is a crucial driver for ensuring success in a transformation. By leading people through change, we create commitment to new ways of working, structures and goals. With a clear vision and strategic focus, we build a solid foundation for change that not only meets today's demands but also equips the organization for the opportunities of the future.&nbsp;<\/p>\n\n\n\n<p>We work to reduce resistance and create participation through strong communication and well-designed processes. By identifying key individuals and building a culture of collaboration and innovation, the change process becomes both smooth and sustainable.&nbsp;<\/p>\n\n\n\n<blockquote class=\"wp-block-quote is-layout-flow wp-block-quote-is-layout-flow\">\n<p><strong>Change management is more than managing change \u2013 it's about transforming challenges into opportunities and creating long-term value<\/strong>.<\/p>\n<\/blockquote>\n\n\n\n<p style=\"margin-top:16px\">Together we connect strategy to reality and make visions a successful part of everyday life.<\/p>\n\n\n\n<div class=\"wp-block-buttons is-content-justification-left is-layout-flex wp-container-core-buttons-is-layout-ec155617 wp-block-buttons-is-layout-flex\" style=\"margin-top:var(--wp--preset--spacing--40)\">\n<div class=\"wp-block-button\"><a class=\"wp-block-button__link wp-element-button\" href=\"https:\/\/www.adapture.se\/en\/kontakt\/\">Contact us<\/a><\/div>\n<\/div>\n<\/div>\n<\/div>\n\n\n\n<div class=\"wp-block-column is-vertically-aligned-center is-layout-flow wp-block-column-is-layout-flow\" style=\"flex-basis:30%\">\n<figure class=\"wp-block-image size-large has-custom-border is-style-default\"><img loading=\"lazy\" decoding=\"async\" width=\"1024\" height=\"1024\" src=\"https:\/\/www.adapture.se\/wp-content\/uploads\/2025\/02\/forandringsledning_1-1024x1024.png\" alt=\"\" class=\"wp-image-409\" style=\"border-radius:0rem;aspect-ratio:2\/3;object-fit:contain\" srcset=\"https:\/\/www.adapture.se\/wp-content\/uploads\/2025\/02\/forandringsledning_1-1024x1024.png 1024w, https:\/\/www.adapture.se\/wp-content\/uploads\/2025\/02\/forandringsledning_1-300x300.png 300w, https:\/\/www.adapture.se\/wp-content\/uploads\/2025\/02\/forandringsledning_1-150x150.png 150w, https:\/\/www.adapture.se\/wp-content\/uploads\/2025\/02\/forandringsledning_1-768x768.png 768w, https:\/\/www.adapture.se\/wp-content\/uploads\/2025\/02\/forandringsledning_1.png 1042w\" sizes=\"auto, (max-width: 1024px) 100vw, 1024px\" \/><\/figure>\n<\/div>\n<\/div>\n<\/div>","protected":false},"excerpt":{"rendered":"<p>F\u00f6r\u00e4ndringsledning F\u00f6r\u00e4ndringsledning \u00e4r en avg\u00f6rande drivkraft f\u00f6r att s\u00e4kerst\u00e4lla framg\u00e5ng i en transformation. Genom att leda m\u00e4nniskor genom f\u00f6r\u00e4ndring skapar vi engagemang f\u00f6r nya arbetss\u00e4tt, strukturer och m\u00e5l. Med en tydlig vision och strategiskt fokus bygger vi en stabil grund f\u00f6r f\u00f6r\u00e4ndring som inte bara m\u00f6ter dagens krav utan ocks\u00e5 rustar organisationen f\u00f6r framtidens m\u00f6jligheter.&nbsp; [&hellip;]<\/p>","protected":false},"author":1,"featured_media":0,"parent":13,"menu_order":0,"comment_status":"closed","ping_status":"closed","template":"","meta":{"_monsterinsights_skip_tracking":false,"_monsterinsights_sitenote_active":false,"_monsterinsights_sitenote_note":"","_monsterinsights_sitenote_category":0,"footnotes":""},"class_list":["post-572","page","type-page","status-publish","hentry"],"aioseo_notices":[],"_links":{"self":[{"href":"https:\/\/www.adapture.se\/en\/wp-json\/wp\/v2\/pages\/572","targetHints":{"allow":["GET"]}}],"collection":[{"href":"https:\/\/www.adapture.se\/en\/wp-json\/wp\/v2\/pages"}],"about":[{"href":"https:\/\/www.adapture.se\/en\/wp-json\/wp\/v2\/types\/page"}],"author":[{"embeddable":true,"href":"https:\/\/www.adapture.se\/en\/wp-json\/wp\/v2\/users\/1"}],"replies":[{"embeddable":true,"href":"https:\/\/www.adapture.se\/en\/wp-json\/wp\/v2\/comments?post=572"}],"version-history":[{"count":4,"href":"https:\/\/www.adapture.se\/en\/wp-json\/wp\/v2\/pages\/572\/revisions"}],"predecessor-version":[{"id":841,"href":"https:\/\/www.adapture.se\/en\/wp-json\/wp\/v2\/pages\/572\/revisions\/841"}],"up":[{"embeddable":true,"href":"https:\/\/www.adapture.se\/en\/wp-json\/wp\/v2\/pages\/13"}],"wp:attachment":[{"href":"https:\/\/www.adapture.se\/en\/wp-json\/wp\/v2\/media?parent=572"}],"curies":[{"name":"wp","href":"https:\/\/api.w.org\/{rel}","templated":true}]}}