{"id":574,"date":"2025-03-06T10:12:35","date_gmt":"2025-03-06T10:12:35","guid":{"rendered":"https:\/\/www.adapture.se\/?page_id=574"},"modified":"2025-03-17T12:37:46","modified_gmt":"2025-03-17T12:37:46","slug":"projektstyrning-ledning","status":"publish","type":"page","link":"https:\/\/www.adapture.se\/en\/tjanster\/projektstyrning-ledning\/","title":{"rendered":"Project Governance and Management"},"content":{"rendered":"<div class=\"wp-block-group alignfull has-background-background-color has-background has-global-padding is-layout-constrained wp-container-core-group-is-layout-1765a8f1 wp-block-group-is-layout-constrained\" style=\"margin-top:0;margin-bottom:0;padding-top:var(--wp--preset--spacing--30);padding-bottom:var(--wp--preset--spacing--60)\">\n<div class=\"wp-block-columns alignwide are-vertically-aligned-center has-tertiary-background-color has-background is-layout-flex wp-container-core-columns-is-layout-103b4147 wp-block-columns-is-layout-flex\" style=\"border-top-left-radius:1rem;border-top-right-radius:1rem;border-bottom-left-radius:1rem;border-bottom-right-radius:10rem;padding-top:var(--wp--preset--spacing--60);padding-right:var(--wp--preset--spacing--50);padding-bottom:var(--wp--preset--spacing--60);padding-left:var(--wp--preset--spacing--50)\">\n<div class=\"wp-block-column is-vertically-aligned-center is-layout-flow wp-block-column-is-layout-flow\">\n<div class=\"wp-block-group has-global-padding is-content-justification-left is-layout-constrained wp-container-core-group-is-layout-12dd3699 wp-block-group-is-layout-constrained\">\n<h1 class=\"wp-block-heading\">Project Governance and Management<\/h1>\n\n\n\n<p style=\"margin-top:16px\">Project Governance and management is the key to turning visions into reality. With a structured and flexible method, we help you plan, organize and execute your projects with precision and efficiency.&nbsp;<\/p>\n\n\n\n<p>We ensure that project goals are achieved by clearly defining frameworks, resources and timelines. With a focus on risk management, communication and continuous follow-up, we create a stable foundation for progress, even in complex and challenging project environments.\u00a0<\/p>\n\n\n\n<p style=\"margin-top:16px\">Our strength lies in balancing strategy with operational execution, which means we not only drive the project forward but also engage and motivate the entire team along the way. <\/p>\n\n\n\n<p style=\"margin-top:16px\"><strong>Through structured project governance, we help you maximize value, deliver results and create successful projects that strengthen your organization's competitiveness and future potential.\u00a0<\/strong><\/p>\n\n\n\n<div class=\"wp-block-buttons is-content-justification-left is-layout-flex wp-container-core-buttons-is-layout-ec155617 wp-block-buttons-is-layout-flex\" style=\"margin-top:var(--wp--preset--spacing--40)\">\n<div class=\"wp-block-button\"><a class=\"wp-block-button__link wp-element-button\" href=\"https:\/\/www.adapture.se\/en\/kontakt\/\">Contact us<\/a><\/div>\n<\/div>\n<\/div>\n<\/div>\n\n\n\n<div class=\"wp-block-column is-vertically-aligned-center is-layout-flow wp-block-column-is-layout-flow\" style=\"flex-basis:30%\">\n<figure class=\"wp-block-image size-full has-custom-border is-style-default\"><img loading=\"lazy\" decoding=\"async\" width=\"989\" height=\"1022\" src=\"https:\/\/www.adapture.se\/wp-content\/uploads\/2025\/02\/projektstyrning_1.png\" alt=\"\" class=\"wp-image-412\" style=\"border-radius:0rem;aspect-ratio:2\/3;object-fit:contain\" srcset=\"https:\/\/www.adapture.se\/wp-content\/uploads\/2025\/02\/projektstyrning_1.png 989w, https:\/\/www.adapture.se\/wp-content\/uploads\/2025\/02\/projektstyrning_1-290x300.png 290w, https:\/\/www.adapture.se\/wp-content\/uploads\/2025\/02\/projektstyrning_1-768x794.png 768w\" sizes=\"auto, (max-width: 989px) 100vw, 989px\" \/><\/figure>\n<\/div>\n<\/div>\n<\/div>","protected":false},"excerpt":{"rendered":"<p>Projektstyrning och Ledning Projektstyrning och ledning \u00e4r nyckeln f\u00f6r att omvandla visioner till verklighet. Med en strukturerad och flexibel metod hj\u00e4lper vi er att planera, organisera och genomf\u00f6ra era projekt med precision och effektivitet.&nbsp; Vi s\u00e4kerst\u00e4ller att projektens m\u00e5l uppn\u00e5s genom att tydligt definiera ramar, resurser och tidsplaner. Med fokus p\u00e5 riskhantering, kommunikation och kontinuerlig [&hellip;]<\/p>","protected":false},"author":1,"featured_media":0,"parent":13,"menu_order":0,"comment_status":"closed","ping_status":"closed","template":"","meta":{"_monsterinsights_skip_tracking":false,"_monsterinsights_sitenote_active":false,"_monsterinsights_sitenote_note":"","_monsterinsights_sitenote_category":0,"footnotes":""},"class_list":["post-574","page","type-page","status-publish","hentry"],"aioseo_notices":[],"_links":{"self":[{"href":"https:\/\/www.adapture.se\/en\/wp-json\/wp\/v2\/pages\/574","targetHints":{"allow":["GET"]}}],"collection":[{"href":"https:\/\/www.adapture.se\/en\/wp-json\/wp\/v2\/pages"}],"about":[{"href":"https:\/\/www.adapture.se\/en\/wp-json\/wp\/v2\/types\/page"}],"author":[{"embeddable":true,"href":"https:\/\/www.adapture.se\/en\/wp-json\/wp\/v2\/users\/1"}],"replies":[{"embeddable":true,"href":"https:\/\/www.adapture.se\/en\/wp-json\/wp\/v2\/comments?post=574"}],"version-history":[{"count":4,"href":"https:\/\/www.adapture.se\/en\/wp-json\/wp\/v2\/pages\/574\/revisions"}],"predecessor-version":[{"id":649,"href":"https:\/\/www.adapture.se\/en\/wp-json\/wp\/v2\/pages\/574\/revisions\/649"}],"up":[{"embeddable":true,"href":"https:\/\/www.adapture.se\/en\/wp-json\/wp\/v2\/pages\/13"}],"wp:attachment":[{"href":"https:\/\/www.adapture.se\/en\/wp-json\/wp\/v2\/media?parent=574"}],"curies":[{"name":"wp","href":"https:\/\/api.w.org\/{rel}","templated":true}]}}