{"id":576,"date":"2025-03-06T10:14:01","date_gmt":"2025-03-06T10:14:01","guid":{"rendered":"https:\/\/www.adapture.se\/?page_id=576"},"modified":"2025-03-17T12:52:12","modified_gmt":"2025-03-17T12:52:12","slug":"576-2","status":"publish","type":"page","link":"https:\/\/www.adapture.se\/en\/tjanster\/576-2\/","title":{"rendered":"Board assignment"},"content":{"rendered":"<div class=\"wp-block-group alignfull has-background-background-color has-background has-global-padding is-layout-constrained wp-container-core-group-is-layout-1765a8f1 wp-block-group-is-layout-constrained\" style=\"margin-top:0;margin-bottom:0;padding-top:var(--wp--preset--spacing--30);padding-bottom:var(--wp--preset--spacing--60)\">\n<div class=\"wp-block-columns alignwide are-vertically-aligned-center has-tertiary-background-color has-background is-layout-flex wp-container-core-columns-is-layout-103b4147 wp-block-columns-is-layout-flex\" style=\"border-top-left-radius:1rem;border-top-right-radius:1rem;border-bottom-left-radius:1rem;border-bottom-right-radius:10rem;padding-top:var(--wp--preset--spacing--60);padding-right:var(--wp--preset--spacing--50);padding-bottom:var(--wp--preset--spacing--60);padding-left:var(--wp--preset--spacing--50)\">\n<div class=\"wp-block-column is-vertically-aligned-center is-layout-flow wp-block-column-is-layout-flow\">\n<div class=\"wp-block-group has-global-padding is-content-justification-left is-layout-constrained wp-container-core-group-is-layout-12dd3699 wp-block-group-is-layout-constrained\">\n<h1 class=\"wp-block-heading\">Board assignment<\/h1>\n\n\n\n<p style=\"margin-top:16px\">Through active board work, we help growth companies successfully navigate transformations and establish a solid foundation for sustainable growth. We provide strategic insights, clear governance, and practical tools that enable effective decision-making and optimal resource utilization.&nbsp;&nbsp;<\/p>\n\n\n\n<p>We collaborate to define goals, develop long-term strategies, and strengthen collaboration with management \u2013 \u200b\u200ba crucial factor for successful change. <strong>Through our presence, we contribute with structure, risk management and follow-up that creates transparency and strengthens trust among employees and stakeholders.<\/strong>\u00a0\u00a0<\/p>\n\n\n\n<p style=\"margin-top:16px\">With our expertise, we connect strategy with concrete results, which drives both competitiveness and future development.&nbsp;<\/p>\n\n\n\n<div class=\"wp-block-buttons is-content-justification-left is-layout-flex wp-container-core-buttons-is-layout-ec155617 wp-block-buttons-is-layout-flex\" style=\"margin-top:var(--wp--preset--spacing--40)\">\n<div class=\"wp-block-button\"><a class=\"wp-block-button__link wp-element-button\" href=\"https:\/\/www.adapture.se\/en\/kontakt\/\">Contact us<\/a><\/div>\n<\/div>\n<\/div>\n<\/div>\n\n\n\n<div class=\"wp-block-column is-vertically-aligned-center is-layout-flow wp-block-column-is-layout-flow\" style=\"flex-basis:30%\">\n<figure class=\"wp-block-image size-large has-custom-border is-style-default\"><img loading=\"lazy\" decoding=\"async\" width=\"1024\" height=\"1024\" src=\"https:\/\/www.adapture.se\/wp-content\/uploads\/2025\/02\/styrelseuppdrag_1-1024x1024.png\" alt=\"\" class=\"wp-image-414\" style=\"border-radius:0rem;aspect-ratio:2\/3;object-fit:contain\" srcset=\"https:\/\/www.adapture.se\/wp-content\/uploads\/2025\/02\/styrelseuppdrag_1-1024x1024.png 1024w, https:\/\/www.adapture.se\/wp-content\/uploads\/2025\/02\/styrelseuppdrag_1-300x300.png 300w, https:\/\/www.adapture.se\/wp-content\/uploads\/2025\/02\/styrelseuppdrag_1-150x150.png 150w, https:\/\/www.adapture.se\/wp-content\/uploads\/2025\/02\/styrelseuppdrag_1-768x768.png 768w, https:\/\/www.adapture.se\/wp-content\/uploads\/2025\/02\/styrelseuppdrag_1.png 1042w\" sizes=\"auto, (max-width: 1024px) 100vw, 1024px\" \/><\/figure>\n<\/div>\n<\/div>\n<\/div>","protected":false},"excerpt":{"rendered":"<p>Styrelseuppdrag Genom aktivt styrelsearbete hj\u00e4lper vi tillv\u00e4xtf\u00f6retag att framg\u00e5ngsrikt navigera transformationer och skapa en stabil grund f\u00f6r h\u00e5llbar tillv\u00e4xt. Vi tillf\u00f6r strategiska insikter, tydlig governance och konkreta verktyg som m\u00f6jligg\u00f6r effektiva beslut och optimal resursanv\u00e4ndning.&nbsp;&nbsp; Vi samarbetar f\u00f6r att definiera m\u00e5l, utveckla l\u00e5ngsiktiga strategier och st\u00e4rka samarbetet med ledningen \u2013 en avg\u00f6rande faktor f\u00f6r framg\u00e5ngsrik [&hellip;]<\/p>","protected":false},"author":1,"featured_media":0,"parent":13,"menu_order":0,"comment_status":"closed","ping_status":"closed","template":"","meta":{"_monsterinsights_skip_tracking":false,"_monsterinsights_sitenote_active":false,"_monsterinsights_sitenote_note":"","_monsterinsights_sitenote_category":0,"footnotes":""},"class_list":["post-576","page","type-page","status-publish","hentry"],"aioseo_notices":[],"_links":{"self":[{"href":"https:\/\/www.adapture.se\/en\/wp-json\/wp\/v2\/pages\/576","targetHints":{"allow":["GET"]}}],"collection":[{"href":"https:\/\/www.adapture.se\/en\/wp-json\/wp\/v2\/pages"}],"about":[{"href":"https:\/\/www.adapture.se\/en\/wp-json\/wp\/v2\/types\/page"}],"author":[{"embeddable":true,"href":"https:\/\/www.adapture.se\/en\/wp-json\/wp\/v2\/users\/1"}],"replies":[{"embeddable":true,"href":"https:\/\/www.adapture.se\/en\/wp-json\/wp\/v2\/comments?post=576"}],"version-history":[{"count":5,"href":"https:\/\/www.adapture.se\/en\/wp-json\/wp\/v2\/pages\/576\/revisions"}],"predecessor-version":[{"id":658,"href":"https:\/\/www.adapture.se\/en\/wp-json\/wp\/v2\/pages\/576\/revisions\/658"}],"up":[{"embeddable":true,"href":"https:\/\/www.adapture.se\/en\/wp-json\/wp\/v2\/pages\/13"}],"wp:attachment":[{"href":"https:\/\/www.adapture.se\/en\/wp-json\/wp\/v2\/media?parent=576"}],"curies":[{"name":"wp","href":"https:\/\/api.w.org\/{rel}","templated":true}]}}