{"id":579,"date":"2025-03-06T10:16:57","date_gmt":"2025-03-06T10:16:57","guid":{"rendered":"https:\/\/www.adapture.se\/?page_id=579"},"modified":"2025-03-17T12:36:09","modified_gmt":"2025-03-17T12:36:09","slug":"produktstrategi-och-portfoljplanering","status":"publish","type":"page","link":"https:\/\/www.adapture.se\/en\/tjanster\/produktstrategi-och-portfoljplanering\/","title":{"rendered":"Product Strategy and Portfolio Planning"},"content":{"rendered":"<div class=\"wp-block-group alignfull has-background-background-color has-background has-global-padding is-layout-constrained wp-container-core-group-is-layout-1765a8f1 wp-block-group-is-layout-constrained\" style=\"margin-top:0;margin-bottom:0;padding-top:var(--wp--preset--spacing--30);padding-bottom:var(--wp--preset--spacing--60)\">\n<div class=\"wp-block-columns alignwide are-vertically-aligned-center has-tertiary-background-color has-background is-layout-flex wp-container-core-columns-is-layout-103b4147 wp-block-columns-is-layout-flex\" style=\"border-top-left-radius:1rem;border-top-right-radius:1rem;border-bottom-left-radius:1rem;border-bottom-right-radius:10rem;padding-top:var(--wp--preset--spacing--60);padding-right:var(--wp--preset--spacing--50);padding-bottom:var(--wp--preset--spacing--60);padding-left:var(--wp--preset--spacing--50)\">\n<div class=\"wp-block-column is-vertically-aligned-center is-layout-flow wp-block-column-is-layout-flow\">\n<div class=\"wp-block-group has-global-padding is-content-justification-left is-layout-constrained wp-container-core-group-is-layout-12dd3699 wp-block-group-is-layout-constrained\">\n<h1 class=\"wp-block-heading\">Product Strategy and Portfolio Planning<\/h1>\n\n\n\n<p style=\"margin-top:16px\">Product strategy and portfolio planning are central to building a strong and competitive business. By creating a clear strategy for your products and optimizing your portfolio, we ensure that you meet market demands while maximizing value for your organization.&nbsp;<\/p>\n\n\n\n<p><strong>We help you identify the most promising opportunities, prioritize the right products and phase out those that no longer add value.<\/strong> By balancing short-term business goals with long-term innovations, we create a portfolio that drives growth and profitability.\u00a0<\/p>\n\n\n\n<p style=\"margin-top:16px\">With our expertise in market insights and strategic planning, we develop a customized roadmap that realizes your visions. Whether it's launching new products, expanding market share, or streamlining your resources, our product strategy and portfolio planning give you the tools for success. <\/p>\n\n\n\n<p style=\"margin-top:16px\">Let us take your portfolio to the next level and create sustainable value for the future.\u00a0<\/p>\n\n\n\n<div class=\"wp-block-buttons is-content-justification-left is-layout-flex wp-container-core-buttons-is-layout-ec155617 wp-block-buttons-is-layout-flex\" style=\"margin-top:var(--wp--preset--spacing--40)\">\n<div class=\"wp-block-button\"><a class=\"wp-block-button__link wp-element-button\" href=\"https:\/\/www.adapture.se\/en\/kontakt\/\">Contact us<\/a><\/div>\n<\/div>\n<\/div>\n<\/div>\n\n\n\n<div class=\"wp-block-column is-vertically-aligned-center is-layout-flow wp-block-column-is-layout-flow\" style=\"flex-basis:30%\">\n<figure class=\"wp-block-image size-large has-custom-border is-style-default\"><img loading=\"lazy\" decoding=\"async\" width=\"1024\" height=\"1024\" src=\"https:\/\/www.adapture.se\/wp-content\/uploads\/2025\/02\/produktstrategi_1-1024x1024.png\" alt=\"\" class=\"wp-image-411\" style=\"border-radius:0rem;aspect-ratio:2\/3;object-fit:contain\" srcset=\"https:\/\/www.adapture.se\/wp-content\/uploads\/2025\/02\/produktstrategi_1-1024x1024.png 1024w, https:\/\/www.adapture.se\/wp-content\/uploads\/2025\/02\/produktstrategi_1-300x300.png 300w, https:\/\/www.adapture.se\/wp-content\/uploads\/2025\/02\/produktstrategi_1-150x150.png 150w, https:\/\/www.adapture.se\/wp-content\/uploads\/2025\/02\/produktstrategi_1-768x768.png 768w, https:\/\/www.adapture.se\/wp-content\/uploads\/2025\/02\/produktstrategi_1.png 1042w\" sizes=\"auto, (max-width: 1024px) 100vw, 1024px\" \/><\/figure>\n<\/div>\n<\/div>\n<\/div>","protected":false},"excerpt":{"rendered":"<p>Produktstrategi och Portf\u00f6ljplanering Produktstrategi och portf\u00f6ljplanering \u00e4r centralt i att bygga en stark och konkurrenskraftig verksamhet. Genom att skapa en tydlig strategi f\u00f6r era produkter och optimera er portf\u00f6lj, s\u00e4kerst\u00e4ller vi att ni m\u00f6ter marknadens krav samtidigt som ni maximerar v\u00e4rdet f\u00f6r er organisation.&nbsp; Vi hj\u00e4lper er att identifiera de mest lovande m\u00f6jligheterna, prioritera r\u00e4tt [&hellip;]<\/p>","protected":false},"author":1,"featured_media":0,"parent":13,"menu_order":0,"comment_status":"closed","ping_status":"closed","template":"","meta":{"_monsterinsights_skip_tracking":false,"_monsterinsights_sitenote_active":false,"_monsterinsights_sitenote_note":"","_monsterinsights_sitenote_category":0,"footnotes":""},"class_list":["post-579","page","type-page","status-publish","hentry"],"aioseo_notices":[],"_links":{"self":[{"href":"https:\/\/www.adapture.se\/en\/wp-json\/wp\/v2\/pages\/579","targetHints":{"allow":["GET"]}}],"collection":[{"href":"https:\/\/www.adapture.se\/en\/wp-json\/wp\/v2\/pages"}],"about":[{"href":"https:\/\/www.adapture.se\/en\/wp-json\/wp\/v2\/types\/page"}],"author":[{"embeddable":true,"href":"https:\/\/www.adapture.se\/en\/wp-json\/wp\/v2\/users\/1"}],"replies":[{"embeddable":true,"href":"https:\/\/www.adapture.se\/en\/wp-json\/wp\/v2\/comments?post=579"}],"version-history":[{"count":3,"href":"https:\/\/www.adapture.se\/en\/wp-json\/wp\/v2\/pages\/579\/revisions"}],"predecessor-version":[{"id":647,"href":"https:\/\/www.adapture.se\/en\/wp-json\/wp\/v2\/pages\/579\/revisions\/647"}],"up":[{"embeddable":true,"href":"https:\/\/www.adapture.se\/en\/wp-json\/wp\/v2\/pages\/13"}],"wp:attachment":[{"href":"https:\/\/www.adapture.se\/en\/wp-json\/wp\/v2\/media?parent=579"}],"curies":[{"name":"wp","href":"https:\/\/api.w.org\/{rel}","templated":true}]}}